{"id":1187,"date":"2020-06-02T11:50:34","date_gmt":"2020-06-02T09:50:34","guid":{"rendered":"https:\/\/www.aestusresortkenya.com\/?page_id=1187"},"modified":"2020-06-02T11:50:34","modified_gmt":"2020-06-02T09:50:34","slug":"salute-degli-ospiti-e-sanificazione-degli-ambienti","status":"publish","type":"page","link":"https:\/\/www.aestusresortkenya.com\/it\/salute-degli-ospiti-e-sanificazione-degli-ambienti\/","title":{"rendered":"SALUTE DEGLI OSPITI E SANIFICAZIONE DEGLI AMBIENTI"},"content":{"rendered":"<p><strong>LA NOSTRA ATTENZIONE ALLA SALUTE DEGLI OSPITI ED ALLA SANIFICAZIONE DEGLI AMBIENTI<\/strong><\/p>\n<p>Chi \u00e8 gi\u00e0 stato qui da noi lo sa, la sicurezza \u00e8 sempre stata una priorit\u00e0 per noi. La cura dei dettagli e la pulizia sono la prima cosa che controlliamo tutti giorni.<\/p>\n<p>Oggi abbiamo deciso di essere ancora pi\u00f9 attenti e scrupolosi nell\u2019igienizzazione degli ambienti della tua vacanza.<\/p>\n<p>Ti raccontiamo cosa facciamo ogni giorno per darti una vacanza serena:<\/p>\n<p><strong>\u00a0<\/strong><strong>Nelle Ville<\/strong><\/p>\n<p>Da sempre adottiamo il metodo del codice colore delle spugne, significa che abbiamo un colore solo per i bagni, un altro solo per le superfici della camera, un altro solo per i vetri ed un altro colore ancora riservato ai pavimenti.<\/p>\n<p>Utilizziamo la microfibra perch\u00e9 trattiene il\u00a099 % dei batteri\u00a0ed \u00e8 lavabile ad altissime temperature.<\/p>\n<p>Per spolverare ed igienizzare le superfici dure delle camere e dei bagni usiamo\u00a0detergenti a base di cloro e alcool, che ci danno una\u00a0garanzia di sicurezza contro virus e batteri.<\/p>\n<p>Poniamo particolare attenzione sui punti pi\u00f9 \u201cdelicati\u201d della camera, che sono i telecomandi , il pulsante dello sciacquone del WC, le maniglie delle porte e finestre, ma anche degli armadi e delle docce, naturalmente!<\/p>\n<p>Disinfettiamo ogni giorno anche tutti gli interruttori, per un\u2019igiene a prova di tranquillit\u00e0.<\/p>\n<p>Quando abbiamo terminato di pulire la camera riponiamo il\u00a0set di spugne\u00a0e stracci nell\u2019apposita rete per il lavaggio e ne prendiamo uno pulito per occuparci della camera successiva.<\/p>\n<p>Laviamo le lenzuola a ad alta temperatura, cos\u00ec assicuriamo\u00a0l\u2019abbattimento della carica batterica, e ad ogni cambio cliente laviamo le trapuntine e i copriletti, cosi\u2019 come i rivestimenti in cotone dei divani e poltrone ed igienizziamo le tende.<\/p>\n<p>Abbiamo deciso di eliminare la room directory ed altri materiali cartacei dalle scrivanie e dai tavoli in camera, perch\u00e9 sono molto soggetti a manipolazione e difficilmente igienizzabili.<\/p>\n<p>Per avere accesso alle istruzioni per l\u2019uso dei ventilatori, TV, e a possibili escursioni da fare a Diani o Safari e tutte le informazioni utili come gli orari della SPA e delle attivit\u00e0, puoi chiamarci al <strong>+254 775481626 or 790918635.<\/strong><\/p>\n<p><strong>Nelle aree comuni<\/strong><\/p>\n<p>Mani sempre disinfettate all\u2019Aestus Villas Resort!<\/p>\n<p>Qui da noi trovi i\u00a0dispenser con il disinfettante per le mani\u00a0in tutti i punti strategici, ad esempio nei bagni dellapiscina, agli ingressi del resort, alla reception, , alla porta della Spa.<\/p>\n<p>Disinfettiamo pi\u00f9 volte al giorno\u00a0le maniglie delle porte e gli interruttori.<\/p>\n<p>Noterai il nostro staff addetto alle pulizie passare pi\u00f9 spesso del solito nelle zone comuni, perch\u00e9 abbiamo\u00a0intensificato l\u2019attenzione nelle aree pi\u00f9 vissute\u00a0del nostro Aestus.<\/p>\n<p>Ci impegniamo ogni giorno per garantire ai nostri ospiti, allo staff ed a noi stessi un ambiente sicuro. Ci\u00f2 significa inserire\u00a0protocolli di pulizia nuovi e sempre pi\u00f9 efficaci.<\/p>\n<p>Per conoscerli in dettaglio puoi chiedere a noi, con piacere ti informiamo su tutte le attenzioni che adottiamo per una vacanza senza pensieri, fatta solo di sorrisi!<\/p>\n<p><strong>Spazi per la consumazione dei pasti<\/strong><\/p>\n<p>All\u2019Aestus, \u00a0nell\u2019intimo della Vostra Villa vi verranno servite le vostre colazioni, pranzi e cene. I nostri cuochi lavorano in totale sicurezza sempre con mascherina e guanti sanitari.<\/p>\n<p>Tutti i tavoli e le sedie sono regolarmente disinfettate, i piatti e posate lavati con cura per permettervi di consumare i pasti in totale serenita\u2019.<\/p>\n<p>Ti garantiamo privacy e sicurezza, anche a tavola!<\/p>\n<p>I protocolli, le procedure e le informazioni contenute nel documento sono in corso di aggiornamento e possono subire variazioni anche senza preavviso.<\/p>\n","protected":false},"excerpt":{"rendered":"<p>LA NOSTRA ATTENZIONE ALLA SALUTE DEGLI OSPITI ED ALLA SANIFICAZIONE DEGLI AMBIENTI Chi \u00e8 gi\u00e0 stato qui da noi lo sa, la sicurezza \u00e8 sempre stata una priorit\u00e0 per noi. La cura dei dettagli e la pulizia sono la prima cosa che controlliamo tutti giorni. Oggi abbiamo deciso di essere ancora pi\u00f9 attenti e scrupolosi [&hellip;]<\/p>\n","protected":false},"author":22,"featured_media":0,"parent":0,"menu_order":0,"comment_status":"closed","ping_status":"closed","template":"","meta":{"footnotes":""},"class_list":["post-1187","page","type-page","status-publish","hentry"],"yoast_head":"<!-- This site is optimized with the Yoast SEO plugin v26.9 - https:\/\/yoast.com\/product\/yoast-seo-wordpress\/ -->\n<title>SALUTE DEGLI OSPITI E SANIFICAZIONE DEGLI AMBIENTI - Aestus Villas Resort<\/title>\n<meta name=\"robots\" content=\"index, follow, max-snippet:-1, max-image-preview:large, max-video-preview:-1\" \/>\n<link rel=\"canonical\" href=\"https:\/\/www.aestusresortkenya.com\/it\/salute-degli-ospiti-e-sanificazione-degli-ambienti\/\" \/>\n<meta property=\"og:locale\" content=\"it_IT\" \/>\n<meta property=\"og:type\" content=\"article\" \/>\n<meta property=\"og:title\" content=\"SALUTE DEGLI OSPITI E SANIFICAZIONE DEGLI AMBIENTI - Aestus Villas Resort\" \/>\n<meta property=\"og:description\" content=\"LA NOSTRA ATTENZIONE ALLA SALUTE DEGLI OSPITI ED ALLA SANIFICAZIONE DEGLI AMBIENTI Chi \u00e8 gi\u00e0 stato qui da noi lo sa, la sicurezza \u00e8 sempre stata una priorit\u00e0 per noi. La cura dei dettagli e la pulizia sono la prima cosa che controlliamo tutti giorni. Oggi abbiamo deciso di essere ancora pi\u00f9 attenti e scrupolosi [&hellip;]\" \/>\n<meta property=\"og:url\" content=\"https:\/\/www.aestusresortkenya.com\/it\/salute-degli-ospiti-e-sanificazione-degli-ambienti\/\" \/>\n<meta property=\"og:site_name\" content=\"Aestus Villas Resort\" \/>\n<meta name=\"twitter:card\" content=\"summary_large_image\" \/>\n<meta name=\"twitter:label1\" content=\"Tempo di lettura stimato\" \/>\n\t<meta name=\"twitter:data1\" content=\"3 minuti\" \/>\n<script type=\"application\/ld+json\" class=\"yoast-schema-graph\">{\"@context\":\"https:\/\/schema.org\",\"@graph\":[{\"@type\":\"WebPage\",\"@id\":\"https:\/\/www.aestusresortkenya.com\/it\/salute-degli-ospiti-e-sanificazione-degli-ambienti\/\",\"url\":\"https:\/\/www.aestusresortkenya.com\/it\/salute-degli-ospiti-e-sanificazione-degli-ambienti\/\",\"name\":\"SALUTE DEGLI OSPITI E SANIFICAZIONE DEGLI AMBIENTI - Aestus Villas Resort\",\"isPartOf\":{\"@id\":\"https:\/\/www.aestusresortkenya.com\/it\/#website\"},\"datePublished\":\"2020-06-02T09:50:34+00:00\",\"breadcrumb\":{\"@id\":\"https:\/\/www.aestusresortkenya.com\/it\/salute-degli-ospiti-e-sanificazione-degli-ambienti\/#breadcrumb\"},\"inLanguage\":\"it-IT\",\"potentialAction\":[{\"@type\":\"ReadAction\",\"target\":[\"https:\/\/www.aestusresortkenya.com\/it\/salute-degli-ospiti-e-sanificazione-degli-ambienti\/\"]}]},{\"@type\":\"BreadcrumbList\",\"@id\":\"https:\/\/www.aestusresortkenya.com\/it\/salute-degli-ospiti-e-sanificazione-degli-ambienti\/#breadcrumb\",\"itemListElement\":[{\"@type\":\"ListItem\",\"position\":1,\"name\":\"Home\",\"item\":\"https:\/\/www.aestusresortkenya.com\/it\/\"},{\"@type\":\"ListItem\",\"position\":2,\"name\":\"SALUTE DEGLI OSPITI E SANIFICAZIONE DEGLI AMBIENTI\"}]},{\"@type\":\"WebSite\",\"@id\":\"https:\/\/www.aestusresortkenya.com\/it\/#website\",\"url\":\"https:\/\/www.aestusresortkenya.com\/it\/\",\"name\":\"Aestus Villas Resort\",\"description\":\"Ecco un altro sito ms.decms.eu\",\"potentialAction\":[{\"@type\":\"SearchAction\",\"target\":{\"@type\":\"EntryPoint\",\"urlTemplate\":\"https:\/\/www.aestusresortkenya.com\/it\/?s={search_term_string}\"},\"query-input\":{\"@type\":\"PropertyValueSpecification\",\"valueRequired\":true,\"valueName\":\"search_term_string\"}}],\"inLanguage\":\"it-IT\"}]}<\/script>\n<!-- \/ Yoast SEO plugin. -->","yoast_head_json":{"title":"SALUTE DEGLI OSPITI E SANIFICAZIONE DEGLI AMBIENTI - Aestus Villas Resort","robots":{"index":"index","follow":"follow","max-snippet":"max-snippet:-1","max-image-preview":"max-image-preview:large","max-video-preview":"max-video-preview:-1"},"canonical":"https:\/\/www.aestusresortkenya.com\/it\/salute-degli-ospiti-e-sanificazione-degli-ambienti\/","og_locale":"it_IT","og_type":"article","og_title":"SALUTE DEGLI OSPITI E SANIFICAZIONE DEGLI AMBIENTI - Aestus Villas Resort","og_description":"LA NOSTRA ATTENZIONE ALLA SALUTE DEGLI OSPITI ED ALLA SANIFICAZIONE DEGLI AMBIENTI Chi \u00e8 gi\u00e0 stato qui da noi lo sa, la sicurezza \u00e8 sempre stata una priorit\u00e0 per noi. La cura dei dettagli e la pulizia sono la prima cosa che controlliamo tutti giorni. Oggi abbiamo deciso di essere ancora pi\u00f9 attenti e scrupolosi [&hellip;]","og_url":"https:\/\/www.aestusresortkenya.com\/it\/salute-degli-ospiti-e-sanificazione-degli-ambienti\/","og_site_name":"Aestus Villas Resort","twitter_card":"summary_large_image","twitter_misc":{"Tempo di lettura stimato":"3 minuti"},"schema":{"@context":"https:\/\/schema.org","@graph":[{"@type":"WebPage","@id":"https:\/\/www.aestusresortkenya.com\/it\/salute-degli-ospiti-e-sanificazione-degli-ambienti\/","url":"https:\/\/www.aestusresortkenya.com\/it\/salute-degli-ospiti-e-sanificazione-degli-ambienti\/","name":"SALUTE DEGLI OSPITI E SANIFICAZIONE DEGLI AMBIENTI - Aestus Villas Resort","isPartOf":{"@id":"https:\/\/www.aestusresortkenya.com\/it\/#website"},"datePublished":"2020-06-02T09:50:34+00:00","breadcrumb":{"@id":"https:\/\/www.aestusresortkenya.com\/it\/salute-degli-ospiti-e-sanificazione-degli-ambienti\/#breadcrumb"},"inLanguage":"it-IT","potentialAction":[{"@type":"ReadAction","target":["https:\/\/www.aestusresortkenya.com\/it\/salute-degli-ospiti-e-sanificazione-degli-ambienti\/"]}]},{"@type":"BreadcrumbList","@id":"https:\/\/www.aestusresortkenya.com\/it\/salute-degli-ospiti-e-sanificazione-degli-ambienti\/#breadcrumb","itemListElement":[{"@type":"ListItem","position":1,"name":"Home","item":"https:\/\/www.aestusresortkenya.com\/it\/"},{"@type":"ListItem","position":2,"name":"SALUTE DEGLI OSPITI E SANIFICAZIONE DEGLI AMBIENTI"}]},{"@type":"WebSite","@id":"https:\/\/www.aestusresortkenya.com\/it\/#website","url":"https:\/\/www.aestusresortkenya.com\/it\/","name":"Aestus Villas Resort","description":"Ecco un altro sito ms.decms.eu","potentialAction":[{"@type":"SearchAction","target":{"@type":"EntryPoint","urlTemplate":"https:\/\/www.aestusresortkenya.com\/it\/?s={search_term_string}"},"query-input":{"@type":"PropertyValueSpecification","valueRequired":true,"valueName":"search_term_string"}}],"inLanguage":"it-IT"}]}},"acf":[],"_links":{"self":[{"href":"https:\/\/www.aestusresortkenya.com\/it\/wp-json\/wp\/v2\/pages\/1187","targetHints":{"allow":["GET"]}}],"collection":[{"href":"https:\/\/www.aestusresortkenya.com\/it\/wp-json\/wp\/v2\/pages"}],"about":[{"href":"https:\/\/www.aestusresortkenya.com\/it\/wp-json\/wp\/v2\/types\/page"}],"author":[{"embeddable":true,"href":"https:\/\/www.aestusresortkenya.com\/it\/wp-json\/wp\/v2\/users\/22"}],"replies":[{"embeddable":true,"href":"https:\/\/www.aestusresortkenya.com\/it\/wp-json\/wp\/v2\/comments?post=1187"}],"version-history":[{"count":0,"href":"https:\/\/www.aestusresortkenya.com\/it\/wp-json\/wp\/v2\/pages\/1187\/revisions"}],"wp:attachment":[{"href":"https:\/\/www.aestusresortkenya.com\/it\/wp-json\/wp\/v2\/media?parent=1187"}],"curies":[{"name":"wp","href":"https:\/\/api.w.org\/{rel}","templated":true}]}}