{"id":56,"date":"2019-03-08T10:48:20","date_gmt":"2019-03-08T09:48:20","guid":{"rendered":"http:\/\/aestusresortkenya.ms.decms.eu\/?page_id=56"},"modified":"2022-03-01T09:53:28","modified_gmt":"2022-03-01T08:53:28","slug":"villa-blue-coral","status":"publish","type":"page","link":"https:\/\/www.aestusresortkenya.com\/it\/le-ville\/villa-blue-coral\/","title":{"rendered":"Villa Blue Coral"},"content":{"rendered":"<p>&nbsp;<\/p>\n<h4><a style=\"background-color: #f2d22e; padding: 7px; color: black;\" href=\"https:\/\/goo.gl\/maps\/EGyUHWBWSDeYFf1dA\" target=\"_blank\" rel=\"noopener\">APRI VIRTUAL TOUR<\/a><\/h4>\n<p>&nbsp;<\/p>\n<p><strong>Villa Blue Coral<\/strong> per 8\/10 persone: \u00e8 la pi\u00f9 spaziosa, situata nel cuore del resort, con una grande veranda all\u2019ingresso, adibita a zona living e arredata con divani e poltrone. La veranda ospita comodamente anche una zona pranzo attrezzata per tutti i suoi ospiti. La cucina \u00e8 molto spaziosa, si affaccia su una seconda veranda, pi\u00f9 piccola rispetto a quella dell\u2019ingresso, attrezzata per consumare la colazione e\/o pranzo.<\/p>\n<p>La villa \u00e8 distribuita su 2 livelli. Al piano terra si trovano 2 camere, ciascuna con letto matrimoniale pi\u00f9 eventuale letto singolo supplementare, un bagno completo con doccia e un\u2019ulteriore toilette; al piano superiore vi \u00e9 grande open space con 2 letti matrimoniali (lo spazio tra i letti \u00e8 diviso da separ\u00e9 mobili che offrono una discreta privacy visiva, ma non separano completamente i due ambienti), un bagno completo con doccia, 2 terrazzi attrezzati con divani e amaca e un ampio spazio per il relax con zona Tv.<\/p>\n","protected":false},"excerpt":{"rendered":"<p>&nbsp; APRI VIRTUAL TOUR &nbsp; Villa Blue Coral per 8\/10 persone: \u00e8 la pi\u00f9 spaziosa, situata nel cuore del resort, con una grande veranda all\u2019ingresso, adibita a zona living e arredata con divani e poltrone. La veranda ospita comodamente anche una zona pranzo attrezzata per tutti i suoi ospiti. La cucina \u00e8 molto spaziosa, si [&hellip;]<\/p>\n","protected":false},"author":13,"featured_media":0,"parent":55,"menu_order":3,"comment_status":"closed","ping_status":"closed","template":"template-single-room.php","meta":{"footnotes":""},"class_list":["post-56","page","type-page","status-publish","hentry"],"yoast_head":"<!-- This site is optimized with the Yoast SEO plugin v26.9 - https:\/\/yoast.com\/product\/yoast-seo-wordpress\/ -->\n<title>Villa Blue Coral - Aestus Villas Resort<\/title>\n<meta name=\"robots\" content=\"index, follow, max-snippet:-1, max-image-preview:large, max-video-preview:-1\" \/>\n<link rel=\"canonical\" href=\"https:\/\/www.aestusresortkenya.com\/it\/le-ville\/villa-blue-coral\/\" \/>\n<meta property=\"og:locale\" content=\"it_IT\" \/>\n<meta property=\"og:type\" content=\"article\" \/>\n<meta property=\"og:title\" content=\"Villa Blue Coral - Aestus Villas Resort\" \/>\n<meta property=\"og:description\" content=\"&nbsp; APRI VIRTUAL TOUR &nbsp; Villa Blue Coral per 8\/10 persone: \u00e8 la pi\u00f9 spaziosa, situata nel cuore del resort, con una grande veranda all\u2019ingresso, adibita a zona living e arredata con divani e poltrone. La veranda ospita comodamente anche una zona pranzo attrezzata per tutti i suoi ospiti. La cucina \u00e8 molto spaziosa, si [&hellip;]\" \/>\n<meta property=\"og:url\" content=\"https:\/\/www.aestusresortkenya.com\/it\/le-ville\/villa-blue-coral\/\" \/>\n<meta property=\"og:site_name\" content=\"Aestus Villas Resort\" \/>\n<meta property=\"article:modified_time\" content=\"2022-03-01T08:53:28+00:00\" \/>\n<meta name=\"twitter:card\" content=\"summary_large_image\" \/>\n<meta name=\"twitter:label1\" content=\"Tempo di lettura stimato\" \/>\n\t<meta name=\"twitter:data1\" content=\"1 minuto\" \/>\n<script type=\"application\/ld+json\" class=\"yoast-schema-graph\">{\"@context\":\"https:\/\/schema.org\",\"@graph\":[{\"@type\":\"WebPage\",\"@id\":\"https:\/\/www.aestusresortkenya.com\/it\/le-ville\/villa-blue-coral\/\",\"url\":\"https:\/\/www.aestusresortkenya.com\/it\/le-ville\/villa-blue-coral\/\",\"name\":\"Villa Blue Coral - Aestus Villas Resort\",\"isPartOf\":{\"@id\":\"https:\/\/www.aestusresortkenya.com\/it\/#website\"},\"datePublished\":\"2019-03-08T09:48:20+00:00\",\"dateModified\":\"2022-03-01T08:53:28+00:00\",\"breadcrumb\":{\"@id\":\"https:\/\/www.aestusresortkenya.com\/it\/le-ville\/villa-blue-coral\/#breadcrumb\"},\"inLanguage\":\"it-IT\",\"potentialAction\":[{\"@type\":\"ReadAction\",\"target\":[\"https:\/\/www.aestusresortkenya.com\/it\/le-ville\/villa-blue-coral\/\"]}]},{\"@type\":\"BreadcrumbList\",\"@id\":\"https:\/\/www.aestusresortkenya.com\/it\/le-ville\/villa-blue-coral\/#breadcrumb\",\"itemListElement\":[{\"@type\":\"ListItem\",\"position\":1,\"name\":\"Home\",\"item\":\"https:\/\/www.aestusresortkenya.com\/it\/\"},{\"@type\":\"ListItem\",\"position\":2,\"name\":\"Le ville\",\"item\":\"https:\/\/www.aestusresortkenya.com\/it\/le-ville\/\"},{\"@type\":\"ListItem\",\"position\":3,\"name\":\"Villa Blue Coral\"}]},{\"@type\":\"WebSite\",\"@id\":\"https:\/\/www.aestusresortkenya.com\/it\/#website\",\"url\":\"https:\/\/www.aestusresortkenya.com\/it\/\",\"name\":\"Aestus Villas Resort\",\"description\":\"Ecco un altro sito ms.decms.eu\",\"potentialAction\":[{\"@type\":\"SearchAction\",\"target\":{\"@type\":\"EntryPoint\",\"urlTemplate\":\"https:\/\/www.aestusresortkenya.com\/it\/?s={search_term_string}\"},\"query-input\":{\"@type\":\"PropertyValueSpecification\",\"valueRequired\":true,\"valueName\":\"search_term_string\"}}],\"inLanguage\":\"it-IT\"}]}<\/script>\n<!-- \/ Yoast SEO plugin. -->","yoast_head_json":{"title":"Villa Blue Coral - Aestus Villas Resort","robots":{"index":"index","follow":"follow","max-snippet":"max-snippet:-1","max-image-preview":"max-image-preview:large","max-video-preview":"max-video-preview:-1"},"canonical":"https:\/\/www.aestusresortkenya.com\/it\/le-ville\/villa-blue-coral\/","og_locale":"it_IT","og_type":"article","og_title":"Villa Blue Coral - Aestus Villas Resort","og_description":"&nbsp; APRI VIRTUAL TOUR &nbsp; Villa Blue Coral per 8\/10 persone: \u00e8 la pi\u00f9 spaziosa, situata nel cuore del resort, con una grande veranda all\u2019ingresso, adibita a zona living e arredata con divani e poltrone. La veranda ospita comodamente anche una zona pranzo attrezzata per tutti i suoi ospiti. La cucina \u00e8 molto spaziosa, si [&hellip;]","og_url":"https:\/\/www.aestusresortkenya.com\/it\/le-ville\/villa-blue-coral\/","og_site_name":"Aestus Villas Resort","article_modified_time":"2022-03-01T08:53:28+00:00","twitter_card":"summary_large_image","twitter_misc":{"Tempo di lettura stimato":"1 minuto"},"schema":{"@context":"https:\/\/schema.org","@graph":[{"@type":"WebPage","@id":"https:\/\/www.aestusresortkenya.com\/it\/le-ville\/villa-blue-coral\/","url":"https:\/\/www.aestusresortkenya.com\/it\/le-ville\/villa-blue-coral\/","name":"Villa Blue Coral - Aestus Villas Resort","isPartOf":{"@id":"https:\/\/www.aestusresortkenya.com\/it\/#website"},"datePublished":"2019-03-08T09:48:20+00:00","dateModified":"2022-03-01T08:53:28+00:00","breadcrumb":{"@id":"https:\/\/www.aestusresortkenya.com\/it\/le-ville\/villa-blue-coral\/#breadcrumb"},"inLanguage":"it-IT","potentialAction":[{"@type":"ReadAction","target":["https:\/\/www.aestusresortkenya.com\/it\/le-ville\/villa-blue-coral\/"]}]},{"@type":"BreadcrumbList","@id":"https:\/\/www.aestusresortkenya.com\/it\/le-ville\/villa-blue-coral\/#breadcrumb","itemListElement":[{"@type":"ListItem","position":1,"name":"Home","item":"https:\/\/www.aestusresortkenya.com\/it\/"},{"@type":"ListItem","position":2,"name":"Le ville","item":"https:\/\/www.aestusresortkenya.com\/it\/le-ville\/"},{"@type":"ListItem","position":3,"name":"Villa Blue Coral"}]},{"@type":"WebSite","@id":"https:\/\/www.aestusresortkenya.com\/it\/#website","url":"https:\/\/www.aestusresortkenya.com\/it\/","name":"Aestus Villas Resort","description":"Ecco un altro sito ms.decms.eu","potentialAction":[{"@type":"SearchAction","target":{"@type":"EntryPoint","urlTemplate":"https:\/\/www.aestusresortkenya.com\/it\/?s={search_term_string}"},"query-input":{"@type":"PropertyValueSpecification","valueRequired":true,"valueName":"search_term_string"}}],"inLanguage":"it-IT"}]}},"acf":[],"_links":{"self":[{"href":"https:\/\/www.aestusresortkenya.com\/it\/wp-json\/wp\/v2\/pages\/56","targetHints":{"allow":["GET"]}}],"collection":[{"href":"https:\/\/www.aestusresortkenya.com\/it\/wp-json\/wp\/v2\/pages"}],"about":[{"href":"https:\/\/www.aestusresortkenya.com\/it\/wp-json\/wp\/v2\/types\/page"}],"author":[{"embeddable":true,"href":"https:\/\/www.aestusresortkenya.com\/it\/wp-json\/wp\/v2\/users\/13"}],"replies":[{"embeddable":true,"href":"https:\/\/www.aestusresortkenya.com\/it\/wp-json\/wp\/v2\/comments?post=56"}],"version-history":[{"count":0,"href":"https:\/\/www.aestusresortkenya.com\/it\/wp-json\/wp\/v2\/pages\/56\/revisions"}],"up":[{"embeddable":true,"href":"https:\/\/www.aestusresortkenya.com\/it\/wp-json\/wp\/v2\/pages\/55"}],"wp:attachment":[{"href":"https:\/\/www.aestusresortkenya.com\/it\/wp-json\/wp\/v2\/media?parent=56"}],"curies":[{"name":"wp","href":"https:\/\/api.w.org\/{rel}","templated":true}]}}