{"id":68,"date":"2019-03-08T10:52:16","date_gmt":"2019-03-08T09:52:16","guid":{"rendered":"http:\/\/aestusresortkenya.ms.decms.eu\/?page_id=68"},"modified":"2019-03-08T10:52:16","modified_gmt":"2019-03-08T09:52:16","slug":"vivere-il-kenya","status":"publish","type":"page","link":"https:\/\/www.aestusresortkenya.com\/it\/la-vacanza-in-kenya\/vivere-il-kenya\/","title":{"rendered":"Vivere il Kenya"},"content":{"rendered":"<p>Il paese \u00e8 attraversato dall\u2019equatore ed offre un<strong> clima mite e temperato<\/strong> tutto l\u2019anno. Le temperature oscillano tra 11\u00b0 gradi della minima notturna e i 28\/32\u00b0 della massima diurna.<\/p>\n<p>Una<strong> vacanza in Kenya \u00e8 consigliata tutto l\u2019anno<\/strong>, sebbene i periodi della stagione \u201csecca\u201d da luglio a marzo, siano quelli pi\u00f9 sicuri se non si gradiscono piogge. Nonostante sia famoso per le spiagge e il clima tropicale, che eleggono il <strong>Kenya<\/strong> meta di eccellenza per una <strong>vacanza balneare,<\/strong> in realt\u00e0 un soggiorno in questo paese pu\u00f2 rappresentare molto di pi\u00f9 e molto altro.<\/p>\n<p>Alterna scenari variegati tra loro, di rara bellezza naturalistica e paesaggistica: dall\u2019oceano, costellato di piccole isole e arcipelaghi, ai parchi naturali dove \u00e8 ancora possibile scoprire flora e fauna locale con un safari mozzafiato, ad alture di rilievo come quella del <strong>Monte Kenya<\/strong> per esempio, la seconda vetta pi\u00f9 alta di tutto il continente africano, dove \u00e8 possibile intraprendere avventurosi <strong>percorsi di trekking<\/strong>. Non mancano altres\u00ec scenari urbani, modernissimi e caotici come per esempio <strong>Nairobi<\/strong> o <strong>Mombasa<\/strong>. Insomma, una cosa \u00e8 sicura: a meno che non abbiate intenzione e voglia di farlo, in <strong>Kenya<\/strong> vi sar\u00e0 davvero difficile annoiarvi!<\/p>\n","protected":false},"excerpt":{"rendered":"<p>Il paese \u00e8 attraversato dall\u2019equatore ed offre un clima mite e temperato tutto l\u2019anno. Le temperature oscillano tra 11\u00b0 gradi della minima notturna e i 28\/32\u00b0 della massima diurna. Una vacanza in Kenya \u00e8 consigliata tutto l\u2019anno, sebbene i periodi della stagione \u201csecca\u201d da luglio a marzo, siano quelli pi\u00f9 sicuri se non si gradiscono [&hellip;]<\/p>\n","protected":false},"author":13,"featured_media":0,"parent":66,"menu_order":2,"comment_status":"closed","ping_status":"closed","template":"","meta":{"footnotes":""},"class_list":["post-68","page","type-page","status-publish","hentry"],"yoast_head":"<!-- This site is optimized with the Yoast SEO plugin v26.9 - https:\/\/yoast.com\/product\/yoast-seo-wordpress\/ -->\n<title>Vivere il Kenya - Aestus Villas Resort<\/title>\n<meta name=\"robots\" content=\"index, follow, max-snippet:-1, max-image-preview:large, max-video-preview:-1\" \/>\n<link rel=\"canonical\" href=\"https:\/\/www.aestusresortkenya.com\/it\/la-vacanza-in-kenya\/vivere-il-kenya\/\" \/>\n<meta property=\"og:locale\" content=\"it_IT\" \/>\n<meta property=\"og:type\" content=\"article\" \/>\n<meta property=\"og:title\" content=\"Vivere il Kenya - Aestus Villas Resort\" \/>\n<meta property=\"og:description\" content=\"Il paese \u00e8 attraversato dall\u2019equatore ed offre un clima mite e temperato tutto l\u2019anno. Le temperature oscillano tra 11\u00b0 gradi della minima notturna e i 28\/32\u00b0 della massima diurna. Una vacanza in Kenya \u00e8 consigliata tutto l\u2019anno, sebbene i periodi della stagione \u201csecca\u201d da luglio a marzo, siano quelli pi\u00f9 sicuri se non si gradiscono [&hellip;]\" \/>\n<meta property=\"og:url\" content=\"https:\/\/www.aestusresortkenya.com\/it\/la-vacanza-in-kenya\/vivere-il-kenya\/\" \/>\n<meta property=\"og:site_name\" content=\"Aestus Villas Resort\" \/>\n<meta name=\"twitter:card\" content=\"summary_large_image\" \/>\n<meta name=\"twitter:label1\" content=\"Tempo di lettura stimato\" \/>\n\t<meta name=\"twitter:data1\" content=\"1 minuto\" \/>\n<script type=\"application\/ld+json\" class=\"yoast-schema-graph\">{\"@context\":\"https:\/\/schema.org\",\"@graph\":[{\"@type\":\"WebPage\",\"@id\":\"https:\/\/www.aestusresortkenya.com\/it\/la-vacanza-in-kenya\/vivere-il-kenya\/\",\"url\":\"https:\/\/www.aestusresortkenya.com\/it\/la-vacanza-in-kenya\/vivere-il-kenya\/\",\"name\":\"Vivere il Kenya - Aestus Villas Resort\",\"isPartOf\":{\"@id\":\"https:\/\/www.aestusresortkenya.com\/it\/#website\"},\"datePublished\":\"2019-03-08T09:52:16+00:00\",\"breadcrumb\":{\"@id\":\"https:\/\/www.aestusresortkenya.com\/it\/la-vacanza-in-kenya\/vivere-il-kenya\/#breadcrumb\"},\"inLanguage\":\"it-IT\",\"potentialAction\":[{\"@type\":\"ReadAction\",\"target\":[\"https:\/\/www.aestusresortkenya.com\/it\/la-vacanza-in-kenya\/vivere-il-kenya\/\"]}]},{\"@type\":\"BreadcrumbList\",\"@id\":\"https:\/\/www.aestusresortkenya.com\/it\/la-vacanza-in-kenya\/vivere-il-kenya\/#breadcrumb\",\"itemListElement\":[{\"@type\":\"ListItem\",\"position\":1,\"name\":\"Home\",\"item\":\"https:\/\/www.aestusresortkenya.com\/it\/\"},{\"@type\":\"ListItem\",\"position\":2,\"name\":\"La vacanza in Kenya\",\"item\":\"https:\/\/www.aestusresortkenya.com\/it\/la-vacanza-in-kenya\/\"},{\"@type\":\"ListItem\",\"position\":3,\"name\":\"Vivere il Kenya\"}]},{\"@type\":\"WebSite\",\"@id\":\"https:\/\/www.aestusresortkenya.com\/it\/#website\",\"url\":\"https:\/\/www.aestusresortkenya.com\/it\/\",\"name\":\"Aestus Villas Resort\",\"description\":\"Ecco un altro sito ms.decms.eu\",\"potentialAction\":[{\"@type\":\"SearchAction\",\"target\":{\"@type\":\"EntryPoint\",\"urlTemplate\":\"https:\/\/www.aestusresortkenya.com\/it\/?s={search_term_string}\"},\"query-input\":{\"@type\":\"PropertyValueSpecification\",\"valueRequired\":true,\"valueName\":\"search_term_string\"}}],\"inLanguage\":\"it-IT\"}]}<\/script>\n<!-- \/ Yoast SEO plugin. -->","yoast_head_json":{"title":"Vivere il Kenya - Aestus Villas Resort","robots":{"index":"index","follow":"follow","max-snippet":"max-snippet:-1","max-image-preview":"max-image-preview:large","max-video-preview":"max-video-preview:-1"},"canonical":"https:\/\/www.aestusresortkenya.com\/it\/la-vacanza-in-kenya\/vivere-il-kenya\/","og_locale":"it_IT","og_type":"article","og_title":"Vivere il Kenya - Aestus Villas Resort","og_description":"Il paese \u00e8 attraversato dall\u2019equatore ed offre un clima mite e temperato tutto l\u2019anno. Le temperature oscillano tra 11\u00b0 gradi della minima notturna e i 28\/32\u00b0 della massima diurna. Una vacanza in Kenya \u00e8 consigliata tutto l\u2019anno, sebbene i periodi della stagione \u201csecca\u201d da luglio a marzo, siano quelli pi\u00f9 sicuri se non si gradiscono [&hellip;]","og_url":"https:\/\/www.aestusresortkenya.com\/it\/la-vacanza-in-kenya\/vivere-il-kenya\/","og_site_name":"Aestus Villas Resort","twitter_card":"summary_large_image","twitter_misc":{"Tempo di lettura stimato":"1 minuto"},"schema":{"@context":"https:\/\/schema.org","@graph":[{"@type":"WebPage","@id":"https:\/\/www.aestusresortkenya.com\/it\/la-vacanza-in-kenya\/vivere-il-kenya\/","url":"https:\/\/www.aestusresortkenya.com\/it\/la-vacanza-in-kenya\/vivere-il-kenya\/","name":"Vivere il Kenya - Aestus Villas Resort","isPartOf":{"@id":"https:\/\/www.aestusresortkenya.com\/it\/#website"},"datePublished":"2019-03-08T09:52:16+00:00","breadcrumb":{"@id":"https:\/\/www.aestusresortkenya.com\/it\/la-vacanza-in-kenya\/vivere-il-kenya\/#breadcrumb"},"inLanguage":"it-IT","potentialAction":[{"@type":"ReadAction","target":["https:\/\/www.aestusresortkenya.com\/it\/la-vacanza-in-kenya\/vivere-il-kenya\/"]}]},{"@type":"BreadcrumbList","@id":"https:\/\/www.aestusresortkenya.com\/it\/la-vacanza-in-kenya\/vivere-il-kenya\/#breadcrumb","itemListElement":[{"@type":"ListItem","position":1,"name":"Home","item":"https:\/\/www.aestusresortkenya.com\/it\/"},{"@type":"ListItem","position":2,"name":"La vacanza in Kenya","item":"https:\/\/www.aestusresortkenya.com\/it\/la-vacanza-in-kenya\/"},{"@type":"ListItem","position":3,"name":"Vivere il Kenya"}]},{"@type":"WebSite","@id":"https:\/\/www.aestusresortkenya.com\/it\/#website","url":"https:\/\/www.aestusresortkenya.com\/it\/","name":"Aestus Villas Resort","description":"Ecco un altro sito ms.decms.eu","potentialAction":[{"@type":"SearchAction","target":{"@type":"EntryPoint","urlTemplate":"https:\/\/www.aestusresortkenya.com\/it\/?s={search_term_string}"},"query-input":{"@type":"PropertyValueSpecification","valueRequired":true,"valueName":"search_term_string"}}],"inLanguage":"it-IT"}]}},"acf":[],"_links":{"self":[{"href":"https:\/\/www.aestusresortkenya.com\/it\/wp-json\/wp\/v2\/pages\/68","targetHints":{"allow":["GET"]}}],"collection":[{"href":"https:\/\/www.aestusresortkenya.com\/it\/wp-json\/wp\/v2\/pages"}],"about":[{"href":"https:\/\/www.aestusresortkenya.com\/it\/wp-json\/wp\/v2\/types\/page"}],"author":[{"embeddable":true,"href":"https:\/\/www.aestusresortkenya.com\/it\/wp-json\/wp\/v2\/users\/13"}],"replies":[{"embeddable":true,"href":"https:\/\/www.aestusresortkenya.com\/it\/wp-json\/wp\/v2\/comments?post=68"}],"version-history":[{"count":0,"href":"https:\/\/www.aestusresortkenya.com\/it\/wp-json\/wp\/v2\/pages\/68\/revisions"}],"up":[{"embeddable":true,"href":"https:\/\/www.aestusresortkenya.com\/it\/wp-json\/wp\/v2\/pages\/66"}],"wp:attachment":[{"href":"https:\/\/www.aestusresortkenya.com\/it\/wp-json\/wp\/v2\/media?parent=68"}],"curies":[{"name":"wp","href":"https:\/\/api.w.org\/{rel}","templated":true}]}}