{"id":69,"date":"2019-03-08T10:52:36","date_gmt":"2019-03-08T09:52:36","guid":{"rendered":"http:\/\/aestusresortkenya.ms.decms.eu\/?page_id=69"},"modified":"2019-03-08T10:52:36","modified_gmt":"2019-03-08T09:52:36","slug":"le-escursioni","status":"publish","type":"page","link":"https:\/\/www.aestusresortkenya.com\/it\/la-vacanza-in-kenya\/le-escursioni\/","title":{"rendered":"Le escursioni"},"content":{"rendered":"<p>Vi offriamo una panoramica delle gite ed escursioni possibili, sia che vogliate ritagliarvi singole giornate fuori porta, sia che desideriate un tour pi\u00f9 complesso.<\/p>\n<p><strong>Gite di mezza giornata o giornata intera:<\/strong><\/p>\n<p><strong>Colobus Trust<\/strong><br \/>\nA 5 chilometri dal resort. E\u2019 un parco curato da un\u2019organizzazione per la protezione della<strong> scimmia Colobo dell\u2019Angola<\/strong>. L\u2019organizzazione protegge la specie e ne preserva la riproduzione contro edilizia abusiva e il gran traffico urbano di Diani. La Colubus Trust porta avanti, ormai da anni, una campagna di sensibilizzazione nei confronti della comunit\u00e0 ma ha anche costruito ingegnose passerelle aeree che gli animali hanno imparato ad usare. Una visita all\u2019interno del parco sar\u00e0 gradita a grandi e piccini.<\/p>\n<p><strong>Kaya Diani, Kaya Ukunda, Kaya Kinondo<\/strong><br \/>\nA partire da 2 chilometri dal resort. Il termine <strong>Kaya<\/strong> significa <strong>Foresta Sacra<\/strong>. Ciascuna delle 9 trib\u00f9 Mijikenda, la popolazione principale dell\u2019entroterra costiero, possiede un<strong> Kaya tradizionale<\/strong>, un villaggio fortificato nella foresta la cui estensione varia da 3 chilometri a 5 ettari. Nonostante per lungo tempo i <strong>Kaya<\/strong> abbiano vissuto una situazione degrado e abbandono, grazie all\u2019elezione a \u201csiti del patrimonio mondiale dell\u2019UNESCO\u201d del 2008, 20 di essi sono ora sotto protezione e manutenzione. Il <strong>Kaya<\/strong> pi\u00f9 vicino all\u2019Aestus Villas Resort \u00e8 quello di <strong>Kinondo<\/strong>, sulla <strong>spiaggia di Diani\/Galu<\/strong>. Altri Kaya della zona sono il <strong>Kaya Diani<\/strong> e il <strong>Kaya Ukunda<\/strong>. Se ne consiglia la visita accompagnati da una guida che possa illustrarne storia e sacralit\u00e0.<\/p>\n<p><strong>Mombasa<\/strong><br \/>\nA 26 chilometri dal resort. E\u2019 facilmente raggiungibile, in qualsiasi momento della giornata, con l\u2019auto, il taxi o i matatu (i bus-taxi locali i cui conducenti sono spesso prodighi di racconti e aneddoti, permettendo cos\u00ec di apprendere le abitudini della popolazione locale). <strong>Mombasa<\/strong> \u00e8 la seconda citt\u00e0 dell\u2019Africa. E\u2019 indubbiamente una citt\u00e0 caotica, ma la l\u2019atmosfera \u00e8 gradevole: vanta orgogliosamente un passato vecchio di 2500 anni basato su narrazioni avventurose romane ed egizie. Durante una visita a <strong>Mombasa<\/strong>, non pu\u00f2 certamente mancare una sosta alla citt\u00e0 vecchia col suo dedalo di viuzze, moschee e abitazioni abbarbicate sul pendio, che digrada verso <strong>il porto di Dhow<\/strong>. Si consigliano anche le seguenti tappe: Fort Jesus, unica vestigia della prima dominazione portoghese; il <strong>tempio Giainista<\/strong>, la moschea <strong>Mandhry<\/strong>.<\/p>\n<p><strong>Parco Nazionale Marino di Kisite-Mpunguti<\/strong><br \/>\nA 55 chilometri dal resort. Sono innumerevoli gli operatori turistici di <strong>Diani Beach<\/strong> che organizzano escursioni in barca, giornaliere, alla volta del bellissimo <strong>Parco Nazionale Marino<\/strong> di <strong>Kisite-Mpunguti<\/strong>, dove potrete avvistare delfini e singolari specie marine. Durante il tragitto sono previste soste per <strong>snorkeling<\/strong>, <strong>immersioni ed avvistamento delfini<\/strong>. Si pranza normalmente sull\u2019<strong>isola di Wasini<\/strong> dove vengono proposte pietanze a base di granchio e altri pesci locali.<\/p>\n<p><strong>Isola di Funzi<\/strong><br \/>\nA 40 chilometri dal resort. Anche in questo caso, avvalendovi dell\u2019organizzazione di operatori turistici di <strong>Diani\u00a0<\/strong><strong>Beach<\/strong>, potrete godere di un rilassante tragitto in barca alla volta dell\u2019Isola. La stessa \u00e8 famosa per le innumerevoli specie di uccelli e per la possibilit\u00e0 di avvistarvi coccodrilli. Sono altres\u00ec previste di snorkelling in prossimit\u00e0 della barriera corallina.<\/p>\n<p><strong>Parco Nazionale delle Shimba Hills<\/strong><br \/>\nA 46 chilometri dal resort. Parliamo di uno dei <strong>Parchi Nazionali del Kenya<\/strong>, meno noti e battuti ma, proprio per questo, pi\u00f9 facilmente visitabile ed apprezzabile. Al suo interno \u00e8 possibile avvistare una grande variet\u00e0 di animali e, sostando al <strong>Shimba Lodge<\/strong> o costeggiando le bellissime <strong>cascate Shledick<\/strong>, potrete godere, soprattutto al mattino presto, della vista di folti gruppi di elefanti. E\u2019 noto altres\u00ec per i branchi autoctoni delle antilopi nere, animali stupendi, grandi come cavalli e con corna ricurve. Il parco \u00e8 il loro unico habitat in Kenya.<br \/>\nLa visita al parco \u00e8 possibile con un\u2019escursione in giornata oppure scegliendo di pernottare al<strong> Shimba Lodge<\/strong> o presso il Campeggio del <strong>Parco Nazionale delle Shimba Hills<\/strong>.<\/p>\n<p><strong>Riserva degli Elefanti di Mwaluganje<\/strong><br \/>\nA 50 chilometri dal resort. Situata a nord \u2013 ovest del <strong>Parco Nazionale delle Shimba Hills<\/strong>, \u00e8 una riserva privata, creata nel 1995, <strong>per proteggere gli elefanti<\/strong> dall\u2019ira degli agricoltori di cui gli animali distruggevano i raccolti. Oggi, al suo interno, circolano liberamente, oltre 300 esemplari. All\u2019interno della riserva sono presenti diverse altre specie tra cui baobab ed esemplari di fauna selvaggia. Anche in questo caso si tratta di un\u2019escursione fattibile in giornata, sebbene si possa anche prevedere il pernottamento presso il <strong>Travellers Mwalunganje Elephant Camp<\/strong>.<\/p>\n<p><strong>Gite di 2 \/ 3 giorni:<\/strong><\/p>\n<p><strong>Parchi Nazionali Tsavo Est ed Ovest, Amboseli e Masai Mara<\/strong><br \/>\n<strong>Stiamo parlando di safari<\/strong> nei pi\u00f9 famosi <strong>parchi nazionali d\u2019Africa<\/strong>. E\u2019 possibile raggiungerli grazie ai collegamenti aerei diretti dall\u2019<strong>aeroporto di Ukunda<\/strong>, molto vicino al resort, per i parchi. Per visitarli, sar\u00e0 sufficiente interrompere la vacanza balneare per 2\/ 3 giorni. Sebbene le gite ai parchi nazionali siano un\u2019esperienza consigliata durante tutto l\u2019anno, non potrete mancarla nel periodo da luglio ad ottobre, durante la <strong>migrazione annuale degli gnu al Parco Masai Mara<\/strong>, definita la <strong>settima meraviglia del mondo<\/strong>. I parchi sono popolati da leoni, giraffe, ghepardi, leopardi, iene, coyote, zebre, antilopi, coccodrilli e ippopotami e tanti altri animali selvaggi.<\/p>\n<p>Per il<strong> Parco Masai Mara<\/strong> vi suggeriamo una permanenza di 3 giorni mentre per il <strong>Parco Amboseli<\/strong> e il <strong>Parco Tsavo<\/strong> possono bastare anche 2 giorni. Lo <strong>Tsavo<\/strong>, per gli amanti dell\u2019avventura, \u00e8 raggiungibile anche in 4\u00d74 con una mezza giornata di viaggio. Per l\u2019organizzazione del viaggio vi potremo assistere con tutte le informazioni e indicazioni utili.<\/p>\n<p><strong>Lamu<\/strong><br \/>\nLa citt\u00e0 sorge nell\u2019omonima isola, di rara bellezza paesaggistica. La citt\u00e0, fondata nel XIV secolo, \u00e8 definita \u201cil pi\u00f9 bel segreto della costa\u201d, ed \u00e8 stata dichiarata \u201cpatrimonio mondiale dell\u2019umanit\u00e0\u201d dall\u2019UNESCO. Possiede un fascino incredibile fatto di pochi monumenti, ma di tante dimore antiche, scorci meravigliosi, scene di vita avvincenti ed angoli freschi in cui riposare. Anche in questo caso, sono disponibili collegamenti aerei giornalieri verso l\u2019<strong>arcipelago di Lamu<\/strong> e l\u2019omonima citt\u00e0 dall\u2019<strong>aeroporto di Ukunda<\/strong>, prossimo all\u2019Aestus Villas Resort. Non mancheremo, in loco, di mostravi immagini ed offrivi tutte le informazioni necessarie per l\u2019organizzazione della gita!<\/p>\n","protected":false},"excerpt":{"rendered":"<p>Vi offriamo una panoramica delle gite ed escursioni possibili, sia che vogliate ritagliarvi singole giornate fuori porta, sia che desideriate un tour pi\u00f9 complesso. Gite di mezza giornata o giornata intera: Colobus Trust A 5 chilometri dal resort. E\u2019 un parco curato da un\u2019organizzazione per la protezione della scimmia Colobo dell\u2019Angola. L\u2019organizzazione protegge la specie [&hellip;]<\/p>\n","protected":false},"author":13,"featured_media":0,"parent":66,"menu_order":3,"comment_status":"closed","ping_status":"closed","template":"","meta":{"footnotes":""},"class_list":["post-69","page","type-page","status-publish","hentry"],"yoast_head":"<!-- This site is optimized with the Yoast SEO plugin v26.9 - https:\/\/yoast.com\/product\/yoast-seo-wordpress\/ -->\n<title>Le escursioni - Aestus Villas Resort<\/title>\n<meta name=\"robots\" content=\"index, follow, max-snippet:-1, max-image-preview:large, max-video-preview:-1\" \/>\n<link rel=\"canonical\" href=\"https:\/\/www.aestusresortkenya.com\/it\/la-vacanza-in-kenya\/le-escursioni\/\" \/>\n<meta property=\"og:locale\" content=\"it_IT\" \/>\n<meta property=\"og:type\" content=\"article\" \/>\n<meta property=\"og:title\" content=\"Le escursioni - Aestus Villas Resort\" \/>\n<meta property=\"og:description\" content=\"Vi offriamo una panoramica delle gite ed escursioni possibili, sia che vogliate ritagliarvi singole giornate fuori porta, sia che desideriate un tour pi\u00f9 complesso. Gite di mezza giornata o giornata intera: Colobus Trust A 5 chilometri dal resort. E\u2019 un parco curato da un\u2019organizzazione per la protezione della scimmia Colobo dell\u2019Angola. L\u2019organizzazione protegge la specie [&hellip;]\" \/>\n<meta property=\"og:url\" content=\"https:\/\/www.aestusresortkenya.com\/it\/la-vacanza-in-kenya\/le-escursioni\/\" \/>\n<meta property=\"og:site_name\" content=\"Aestus Villas Resort\" \/>\n<meta name=\"twitter:card\" content=\"summary_large_image\" \/>\n<meta name=\"twitter:label1\" content=\"Tempo di lettura stimato\" \/>\n\t<meta name=\"twitter:data1\" content=\"5 minuti\" \/>\n<script type=\"application\/ld+json\" class=\"yoast-schema-graph\">{\"@context\":\"https:\/\/schema.org\",\"@graph\":[{\"@type\":\"WebPage\",\"@id\":\"https:\/\/www.aestusresortkenya.com\/it\/la-vacanza-in-kenya\/le-escursioni\/\",\"url\":\"https:\/\/www.aestusresortkenya.com\/it\/la-vacanza-in-kenya\/le-escursioni\/\",\"name\":\"Le escursioni - Aestus Villas Resort\",\"isPartOf\":{\"@id\":\"https:\/\/www.aestusresortkenya.com\/it\/#website\"},\"datePublished\":\"2019-03-08T09:52:36+00:00\",\"breadcrumb\":{\"@id\":\"https:\/\/www.aestusresortkenya.com\/it\/la-vacanza-in-kenya\/le-escursioni\/#breadcrumb\"},\"inLanguage\":\"it-IT\",\"potentialAction\":[{\"@type\":\"ReadAction\",\"target\":[\"https:\/\/www.aestusresortkenya.com\/it\/la-vacanza-in-kenya\/le-escursioni\/\"]}]},{\"@type\":\"BreadcrumbList\",\"@id\":\"https:\/\/www.aestusresortkenya.com\/it\/la-vacanza-in-kenya\/le-escursioni\/#breadcrumb\",\"itemListElement\":[{\"@type\":\"ListItem\",\"position\":1,\"name\":\"Home\",\"item\":\"https:\/\/www.aestusresortkenya.com\/it\/\"},{\"@type\":\"ListItem\",\"position\":2,\"name\":\"La vacanza in Kenya\",\"item\":\"https:\/\/www.aestusresortkenya.com\/it\/la-vacanza-in-kenya\/\"},{\"@type\":\"ListItem\",\"position\":3,\"name\":\"Le escursioni\"}]},{\"@type\":\"WebSite\",\"@id\":\"https:\/\/www.aestusresortkenya.com\/it\/#website\",\"url\":\"https:\/\/www.aestusresortkenya.com\/it\/\",\"name\":\"Aestus Villas Resort\",\"description\":\"Ecco un altro sito ms.decms.eu\",\"potentialAction\":[{\"@type\":\"SearchAction\",\"target\":{\"@type\":\"EntryPoint\",\"urlTemplate\":\"https:\/\/www.aestusresortkenya.com\/it\/?s={search_term_string}\"},\"query-input\":{\"@type\":\"PropertyValueSpecification\",\"valueRequired\":true,\"valueName\":\"search_term_string\"}}],\"inLanguage\":\"it-IT\"}]}<\/script>\n<!-- \/ Yoast SEO plugin. -->","yoast_head_json":{"title":"Le escursioni - Aestus Villas Resort","robots":{"index":"index","follow":"follow","max-snippet":"max-snippet:-1","max-image-preview":"max-image-preview:large","max-video-preview":"max-video-preview:-1"},"canonical":"https:\/\/www.aestusresortkenya.com\/it\/la-vacanza-in-kenya\/le-escursioni\/","og_locale":"it_IT","og_type":"article","og_title":"Le escursioni - Aestus Villas Resort","og_description":"Vi offriamo una panoramica delle gite ed escursioni possibili, sia che vogliate ritagliarvi singole giornate fuori porta, sia che desideriate un tour pi\u00f9 complesso. Gite di mezza giornata o giornata intera: Colobus Trust A 5 chilometri dal resort. E\u2019 un parco curato da un\u2019organizzazione per la protezione della scimmia Colobo dell\u2019Angola. L\u2019organizzazione protegge la specie [&hellip;]","og_url":"https:\/\/www.aestusresortkenya.com\/it\/la-vacanza-in-kenya\/le-escursioni\/","og_site_name":"Aestus Villas Resort","twitter_card":"summary_large_image","twitter_misc":{"Tempo di lettura stimato":"5 minuti"},"schema":{"@context":"https:\/\/schema.org","@graph":[{"@type":"WebPage","@id":"https:\/\/www.aestusresortkenya.com\/it\/la-vacanza-in-kenya\/le-escursioni\/","url":"https:\/\/www.aestusresortkenya.com\/it\/la-vacanza-in-kenya\/le-escursioni\/","name":"Le escursioni - Aestus Villas Resort","isPartOf":{"@id":"https:\/\/www.aestusresortkenya.com\/it\/#website"},"datePublished":"2019-03-08T09:52:36+00:00","breadcrumb":{"@id":"https:\/\/www.aestusresortkenya.com\/it\/la-vacanza-in-kenya\/le-escursioni\/#breadcrumb"},"inLanguage":"it-IT","potentialAction":[{"@type":"ReadAction","target":["https:\/\/www.aestusresortkenya.com\/it\/la-vacanza-in-kenya\/le-escursioni\/"]}]},{"@type":"BreadcrumbList","@id":"https:\/\/www.aestusresortkenya.com\/it\/la-vacanza-in-kenya\/le-escursioni\/#breadcrumb","itemListElement":[{"@type":"ListItem","position":1,"name":"Home","item":"https:\/\/www.aestusresortkenya.com\/it\/"},{"@type":"ListItem","position":2,"name":"La vacanza in Kenya","item":"https:\/\/www.aestusresortkenya.com\/it\/la-vacanza-in-kenya\/"},{"@type":"ListItem","position":3,"name":"Le escursioni"}]},{"@type":"WebSite","@id":"https:\/\/www.aestusresortkenya.com\/it\/#website","url":"https:\/\/www.aestusresortkenya.com\/it\/","name":"Aestus Villas Resort","description":"Ecco un altro sito ms.decms.eu","potentialAction":[{"@type":"SearchAction","target":{"@type":"EntryPoint","urlTemplate":"https:\/\/www.aestusresortkenya.com\/it\/?s={search_term_string}"},"query-input":{"@type":"PropertyValueSpecification","valueRequired":true,"valueName":"search_term_string"}}],"inLanguage":"it-IT"}]}},"acf":[],"_links":{"self":[{"href":"https:\/\/www.aestusresortkenya.com\/it\/wp-json\/wp\/v2\/pages\/69","targetHints":{"allow":["GET"]}}],"collection":[{"href":"https:\/\/www.aestusresortkenya.com\/it\/wp-json\/wp\/v2\/pages"}],"about":[{"href":"https:\/\/www.aestusresortkenya.com\/it\/wp-json\/wp\/v2\/types\/page"}],"author":[{"embeddable":true,"href":"https:\/\/www.aestusresortkenya.com\/it\/wp-json\/wp\/v2\/users\/13"}],"replies":[{"embeddable":true,"href":"https:\/\/www.aestusresortkenya.com\/it\/wp-json\/wp\/v2\/comments?post=69"}],"version-history":[{"count":0,"href":"https:\/\/www.aestusresortkenya.com\/it\/wp-json\/wp\/v2\/pages\/69\/revisions"}],"up":[{"embeddable":true,"href":"https:\/\/www.aestusresortkenya.com\/it\/wp-json\/wp\/v2\/pages\/66"}],"wp:attachment":[{"href":"https:\/\/www.aestusresortkenya.com\/it\/wp-json\/wp\/v2\/media?parent=69"}],"curies":[{"name":"wp","href":"https:\/\/api.w.org\/{rel}","templated":true}]}}